{"id":173,"date":"2023-06-21T02:07:53","date_gmt":"2023-06-21T02:07:53","guid":{"rendered":"https:\/\/cosmetica.butterflyeffect.com.ar\/?page_id=173"},"modified":"2023-06-22T19:55:17","modified_gmt":"2023-06-22T19:55:17","slug":"cosmetica-intima-butterfly-effect","status":"publish","type":"page","link":"https:\/\/cosmetica.butterflyeffect.com.ar\/index.php\/cosmetica-intima-butterfly-effect\/","title":{"rendered":"Sobre Nosotros"},"content":{"rendered":"\t\t<div data-elementor-type=\"wp-page\" data-elementor-id=\"173\" class=\"elementor elementor-173\">\n\t\t\t\t\t\t<section class=\"elementor-section elementor-top-section elementor-element elementor-element-7a8c3f1 elementor-section-full_width elementor-section-height-default elementor-section-height-default\" data-id=\"7a8c3f1\" data-element_type=\"section\" data-settings=\"{&quot;background_background&quot;:&quot;classic&quot;}\">\n\t\t\t\t\t\t\t<div class=\"elementor-background-overlay\"><\/div>\n\t\t\t\t\t\t\t<div class=\"elementor-container elementor-column-gap-default\">\n\t\t\t\t\t<div class=\"elementor-column elementor-col-100 elementor-top-column elementor-element elementor-element-8ad9b6e\" data-id=\"8ad9b6e\" data-element_type=\"column\">\n\t\t\t<div class=\"elementor-widget-wrap elementor-element-populated\">\n\t\t\t\t\t\t<div class=\"elementor-element elementor-element-1c6ceae elementor-widget elementor-widget-heading\" data-id=\"1c6ceae\" data-element_type=\"widget\" data-widget_type=\"heading.default\">\n\t\t\t\t<div class=\"elementor-widget-container\">\n\t\t\t<h2 class=\"elementor-heading-title elementor-size-default\">B E<\/h2>\t\t<\/div>\n\t\t\t\t<\/div>\n\t\t\t\t<div class=\"elementor-element elementor-element-5314b1c elementor-widget elementor-widget-heading\" data-id=\"5314b1c\" data-element_type=\"widget\" data-widget_type=\"heading.default\">\n\t\t\t\t<div class=\"elementor-widget-container\">\n\t\t\t<h2 class=\"elementor-heading-title elementor-size-default\">Butterfly Effect<\/h2>\t\t<\/div>\n\t\t\t\t<\/div>\n\t\t\t\t<div class=\"elementor-element elementor-element-94b92d2 elementor-widget elementor-widget-heading\" data-id=\"94b92d2\" data-element_type=\"widget\" data-widget_type=\"heading.default\">\n\t\t\t\t<div class=\"elementor-widget-container\">\n\t\t\t<h2 class=\"elementor-heading-title elementor-size-default\">\"Deslumbra con tu confianza \u00edntima.\"<\/h2>\t\t<\/div>\n\t\t\t\t<\/div>\n\t\t\t\t\t<\/div>\n\t\t<\/div>\n\t\t\t\t\t<\/div>\n\t\t<\/section>\n\t\t\t\t<section class=\"elementor-section elementor-top-section elementor-element elementor-element-719f488 elementor-section-full_width elementor-section-stretched elementor-section-height-default elementor-section-height-default\" data-id=\"719f488\" data-element_type=\"section\" data-settings=\"{&quot;stretch_section&quot;:&quot;section-stretched&quot;}\">\n\t\t\t\t\t\t<div class=\"elementor-container elementor-column-gap-default\">\n\t\t\t\t\t<div class=\"elementor-column elementor-col-100 elementor-top-column elementor-element elementor-element-cb59665\" data-id=\"cb59665\" data-element_type=\"column\">\n\t\t\t<div class=\"elementor-widget-wrap elementor-element-populated\">\n\t\t\t\t\t\t<div class=\"elementor-element elementor-element-7da8016 elementor-widget elementor-widget-text-editor\" data-id=\"7da8016\" data-element_type=\"widget\" data-widget_type=\"text-editor.default\">\n\t\t\t\t<div class=\"elementor-widget-container\">\n\t\t\t\t\t\t\t<p>En Butterfly Effect nos apasiona la cosm\u00e9tica \u00edntima y creemos en el poder transformador de los productos naturales y respetuosos con el medio ambiente. Somos una marca dedicada a la fabricaci\u00f3n de cosm\u00e9tica \u00edntima vegana y libre de parabenos, dise\u00f1ada especialmente para realzar tu bienestar y empoderarte en cada momento de tu vida.<\/p><p>Nuestro objetivo principal es brindarte una experiencia \u00fanica y satisfactoria, ofreci\u00e9ndote productos de alta calidad que te hagan sentir segura, hermosa y en armon\u00eda con tu cuerpo. Nos enorgullece decir que todos nuestros productos est\u00e1n elaborados cuidadosamente con ingredientes naturales y veganos, sin comprometer la efectividad ni la sensualidad.<\/p>\t\t\t\t\t\t<\/div>\n\t\t\t\t<\/div>\n\t\t\t\t\t<\/div>\n\t\t<\/div>\n\t\t\t\t\t<\/div>\n\t\t<\/section>\n\t\t\t\t<section class=\"elementor-section elementor-top-section elementor-element elementor-element-d60d542 elementor-section-full_width elementor-section-height-default elementor-section-height-default\" data-id=\"d60d542\" data-element_type=\"section\" data-settings=\"{&quot;background_background&quot;:&quot;classic&quot;}\">\n\t\t\t\t\t\t\t<div class=\"elementor-background-overlay\"><\/div>\n\t\t\t\t\t\t\t<div class=\"elementor-container elementor-column-gap-default\">\n\t\t\t\t\t<div class=\"elementor-column elementor-col-100 elementor-top-column elementor-element elementor-element-5570e26\" data-id=\"5570e26\" data-element_type=\"column\">\n\t\t\t<div class=\"elementor-widget-wrap elementor-element-populated\">\n\t\t\t\t\t\t<div class=\"elementor-element elementor-element-c340565 elementor-widget elementor-widget-heading\" data-id=\"c340565\" data-element_type=\"widget\" data-widget_type=\"heading.default\">\n\t\t\t\t<div class=\"elementor-widget-container\">\n\t\t\t<h2 class=\"elementor-heading-title elementor-size-default\">\"Ingredientes Naturales y Veganos.\"<\/h2>\t\t<\/div>\n\t\t\t\t<\/div>\n\t\t\t\t\t<\/div>\n\t\t<\/div>\n\t\t\t\t\t<\/div>\n\t\t<\/section>\n\t\t\t\t<section class=\"elementor-section elementor-top-section elementor-element elementor-element-765fc00 elementor-section-full_width elementor-section-stretched elementor-section-height-default elementor-section-height-default\" data-id=\"765fc00\" data-element_type=\"section\" data-settings=\"{&quot;stretch_section&quot;:&quot;section-stretched&quot;}\">\n\t\t\t\t\t\t<div class=\"elementor-container elementor-column-gap-default\">\n\t\t\t\t\t<div class=\"elementor-column elementor-col-100 elementor-top-column elementor-element elementor-element-65eea8b\" data-id=\"65eea8b\" data-element_type=\"column\">\n\t\t\t<div class=\"elementor-widget-wrap elementor-element-populated\">\n\t\t\t\t\t\t<div class=\"elementor-element elementor-element-31560ac elementor-widget elementor-widget-text-editor\" data-id=\"31560ac\" data-element_type=\"widget\" data-widget_type=\"text-editor.default\">\n\t\t\t\t<div class=\"elementor-widget-container\">\n\t\t\t\t\t\t\t<p>La innovaci\u00f3n es uno de nuestros pilares fundamentales. Nos esforzamos por estar a la vanguardia de las \u00faltimas tendencias en cosm\u00e9tica \u00edntima, investigando y desarrollando f\u00f3rmulas exclusivas que te brinden resultados excepcionales. Adem\u00e1s, en Butterfly Effect hemos incorporado feromonas en toda nuestra l\u00ednea de productos para despertar y potenciar tu atractivo natural, promoviendo as\u00ed una conexi\u00f3n m\u00e1s profunda con tu propia sensualidad.<\/p><p>La sustentabilidad tambi\u00e9n es una parte integral de nuestra filosof\u00eda. Nos comprometemos a minimizar nuestro impacto en el medio ambiente en cada paso de nuestro proceso de producci\u00f3n, desde la selecci\u00f3n de ingredientes sostenibles hasta el uso de envases reciclables. Creemos firmemente que es posible lograr una belleza consciente y respetuosa con el planeta.<\/p>\t\t\t\t\t\t<\/div>\n\t\t\t\t<\/div>\n\t\t\t\t\t<\/div>\n\t\t<\/div>\n\t\t\t\t\t<\/div>\n\t\t<\/section>\n\t\t\t\t<section class=\"elementor-section elementor-top-section elementor-element elementor-element-97c10e0 elementor-section-full_width elementor-section-height-default elementor-section-height-default\" data-id=\"97c10e0\" data-element_type=\"section\" data-settings=\"{&quot;background_background&quot;:&quot;classic&quot;}\">\n\t\t\t\t\t\t\t<div class=\"elementor-background-overlay\"><\/div>\n\t\t\t\t\t\t\t<div class=\"elementor-container elementor-column-gap-default\">\n\t\t\t\t\t<div class=\"elementor-column elementor-col-100 elementor-top-column elementor-element elementor-element-270bd70\" data-id=\"270bd70\" data-element_type=\"column\">\n\t\t\t<div class=\"elementor-widget-wrap elementor-element-populated\">\n\t\t\t\t\t\t<div class=\"elementor-element elementor-element-eff8fab elementor-widget elementor-widget-heading\" data-id=\"eff8fab\" data-element_type=\"widget\" data-widget_type=\"heading.default\">\n\t\t\t\t<div class=\"elementor-widget-container\">\n\t\t\t<h2 class=\"elementor-heading-title elementor-size-default\">\"Feromonas para potenciar tu atractivo.\"<\/h2>\t\t<\/div>\n\t\t\t\t<\/div>\n\t\t\t\t\t<\/div>\n\t\t<\/div>\n\t\t\t\t\t<\/div>\n\t\t<\/section>\n\t\t\t\t<section class=\"elementor-section elementor-top-section elementor-element elementor-element-e643782 elementor-section-full_width elementor-section-stretched elementor-section-height-default elementor-section-height-default\" data-id=\"e643782\" data-element_type=\"section\" data-settings=\"{&quot;stretch_section&quot;:&quot;section-stretched&quot;}\">\n\t\t\t\t\t\t<div class=\"elementor-container elementor-column-gap-default\">\n\t\t\t\t\t<div class=\"elementor-column elementor-col-100 elementor-top-column elementor-element elementor-element-c24cc63\" data-id=\"c24cc63\" data-element_type=\"column\">\n\t\t\t<div class=\"elementor-widget-wrap elementor-element-populated\">\n\t\t\t\t\t\t<div class=\"elementor-element elementor-element-e8e4699 elementor-widget elementor-widget-text-editor\" data-id=\"e8e4699\" data-element_type=\"widget\" data-widget_type=\"text-editor.default\">\n\t\t\t\t<div class=\"elementor-widget-container\">\n\t\t\t\t\t\t\t<p>En Butterfly Effect valoramos tu confianza y nos esforzamos por superar tus expectativas en cada interacci\u00f3n. Nuestro equipo est\u00e1 dedicado a brindarte un servicio excepcional, asesoramiento personalizado y una experiencia de compra f\u00e1cil y satisfactoria.<\/p><p>Acomp\u00e1\u00f1anos en este viaje hacia una cosm\u00e9tica \u00edntima m\u00e1s natural, consciente y liberadora. Descubre el poder transformador del efecto mariposa en tu vida y si\u00e9ntete empoderada en tu propia piel.<\/p>\t\t\t\t\t\t<\/div>\n\t\t\t\t<\/div>\n\t\t\t\t\t<\/div>\n\t\t<\/div>\n\t\t\t\t\t<\/div>\n\t\t<\/section>\n\t\t\t\t<section class=\"elementor-section elementor-top-section elementor-element elementor-element-ccbecbc elementor-section-full_width elementor-section-stretched elementor-section-height-default elementor-section-height-default\" data-id=\"ccbecbc\" data-element_type=\"section\" data-settings=\"{&quot;stretch_section&quot;:&quot;section-stretched&quot;}\">\n\t\t\t\t\t\t<div class=\"elementor-container elementor-column-gap-default\">\n\t\t\t\t\t<div class=\"elementor-column elementor-col-100 elementor-top-column elementor-element elementor-element-95608f6\" data-id=\"95608f6\" data-element_type=\"column\">\n\t\t\t<div class=\"elementor-widget-wrap elementor-element-populated\">\n\t\t\t\t\t\t<div class=\"elementor-element elementor-element-dc1340a elementor-widget elementor-widget-heading\" data-id=\"dc1340a\" data-element_type=\"widget\" data-widget_type=\"heading.default\">\n\t\t\t\t<div class=\"elementor-widget-container\">\n\t\t\t<h2 class=\"elementor-heading-title elementor-size-default\">\u00a1Gracias por elegir B E !<\/h2>\t\t<\/div>\n\t\t\t\t<\/div>\n\t\t\t\t\t<\/div>\n\t\t<\/div>\n\t\t\t\t\t<\/div>\n\t\t<\/section>\n\t\t\t\t<\/div>\n\t\t","protected":false},"excerpt":{"rendered":"<p>B E Butterfly Effect \u00abDeslumbra con tu confianza \u00edntima.\u00bb En Butterfly Effect nos apasiona la cosm\u00e9tica \u00edntima y creemos en el poder transformador de los productos naturales y respetuosos con el medio ambiente. Somos una marca dedicada a la fabricaci\u00f3n de cosm\u00e9tica \u00edntima vegana y libre de parabenos, dise\u00f1ada especialmente para realzar tu bienestar y [&hellip;]<\/p>\n","protected":false},"author":1,"featured_media":0,"parent":0,"menu_order":0,"comment_status":"closed","ping_status":"closed","template":"","meta":{"footnotes":""},"class_list":["post-173","page","type-page","status-publish","hentry","entry","owp-thumbs-layout-horizontal","owp-btn-normal","owp-tabs-layout-horizontal","has-no-thumbnails","has-product-nav"],"yoast_head":"<!-- This site is optimized with the Yoast SEO plugin v23.6 - https:\/\/yoast.com\/wordpress\/plugins\/seo\/ -->\n<title>Sobre Nosotros -<\/title>\n<meta name=\"description\" content=\"Cosmetica intima butterfly effect. En Butterfly Effect nos apasiona la cosm\u00e9tica \u00edntima y creemos en el poder transformador de los productos\" \/>\n<meta name=\"robots\" content=\"index, follow, max-snippet:-1, max-image-preview:large, max-video-preview:-1\" \/>\n<link rel=\"canonical\" href=\"https:\/\/cosmetica.butterflyeffect.com.ar\/index.php\/cosmetica-intima-butterfly-effect\/\" \/>\n<meta property=\"og:locale\" content=\"es_ES\" \/>\n<meta property=\"og:type\" content=\"article\" \/>\n<meta property=\"og:title\" content=\"Sobre Nosotros -\" \/>\n<meta property=\"og:description\" content=\"Cosmetica intima butterfly effect. En Butterfly Effect nos apasiona la cosm\u00e9tica \u00edntima y creemos en el poder transformador de los productos\" \/>\n<meta property=\"og:url\" content=\"https:\/\/cosmetica.butterflyeffect.com.ar\/index.php\/cosmetica-intima-butterfly-effect\/\" \/>\n<meta property=\"article:modified_time\" content=\"2023-06-22T19:55:17+00:00\" \/>\n<meta property=\"og:image\" content=\"https:\/\/cosmetica.butterflyeffect.com.ar\/wp-content\/uploads\/2023\/03\/LOGO-SIN-FONDO-1000X1000.png\" \/>\n\t<meta property=\"og:image:width\" content=\"1000\" \/>\n\t<meta property=\"og:image:height\" content=\"1000\" \/>\n\t<meta property=\"og:image:type\" content=\"image\/png\" \/>\n<meta name=\"twitter:card\" content=\"summary_large_image\" \/>\n<meta name=\"twitter:label1\" content=\"Tiempo de lectura\" \/>\n\t<meta name=\"twitter:data1\" content=\"2 minutos\" \/>\n<script type=\"application\/ld+json\" class=\"yoast-schema-graph\">{\"@context\":\"https:\/\/schema.org\",\"@graph\":[{\"@type\":\"WebPage\",\"@id\":\"https:\/\/cosmetica.butterflyeffect.com.ar\/index.php\/cosmetica-intima-butterfly-effect\/\",\"url\":\"https:\/\/cosmetica.butterflyeffect.com.ar\/index.php\/cosmetica-intima-butterfly-effect\/\",\"name\":\"Sobre Nosotros -\",\"isPartOf\":{\"@id\":\"https:\/\/cosmetica.butterflyeffect.com.ar\/#website\"},\"datePublished\":\"2023-06-21T02:07:53+00:00\",\"dateModified\":\"2023-06-22T19:55:17+00:00\",\"description\":\"Cosmetica intima butterfly effect. En Butterfly Effect nos apasiona la cosm\u00e9tica \u00edntima y creemos en el poder transformador de los productos\",\"breadcrumb\":{\"@id\":\"https:\/\/cosmetica.butterflyeffect.com.ar\/index.php\/cosmetica-intima-butterfly-effect\/#breadcrumb\"},\"inLanguage\":\"es\",\"potentialAction\":[{\"@type\":\"ReadAction\",\"target\":[\"https:\/\/cosmetica.butterflyeffect.com.ar\/index.php\/cosmetica-intima-butterfly-effect\/\"]}]},{\"@type\":\"BreadcrumbList\",\"@id\":\"https:\/\/cosmetica.butterflyeffect.com.ar\/index.php\/cosmetica-intima-butterfly-effect\/#breadcrumb\",\"itemListElement\":[{\"@type\":\"ListItem\",\"position\":1,\"name\":\"Portada\",\"item\":\"https:\/\/cosmetica.butterflyeffect.com.ar\/\"},{\"@type\":\"ListItem\",\"position\":2,\"name\":\"Sobre Nosotros\"}]},{\"@type\":\"WebSite\",\"@id\":\"https:\/\/cosmetica.butterflyeffect.com.ar\/#website\",\"url\":\"https:\/\/cosmetica.butterflyeffect.com.ar\/\",\"name\":\"Butterfly Effect\",\"description\":\"Premium Sex Tech Toys &amp; Cosmetica Intima\",\"publisher\":{\"@id\":\"https:\/\/cosmetica.butterflyeffect.com.ar\/#organization\"},\"potentialAction\":[{\"@type\":\"SearchAction\",\"target\":{\"@type\":\"EntryPoint\",\"urlTemplate\":\"https:\/\/cosmetica.butterflyeffect.com.ar\/?s={search_term_string}\"},\"query-input\":{\"@type\":\"PropertyValueSpecification\",\"valueRequired\":true,\"valueName\":\"search_term_string\"}}],\"inLanguage\":\"es\"},{\"@type\":\"Organization\",\"@id\":\"https:\/\/cosmetica.butterflyeffect.com.ar\/#organization\",\"name\":\"The Butterfly Effect\",\"url\":\"https:\/\/cosmetica.butterflyeffect.com.ar\/\",\"logo\":{\"@type\":\"ImageObject\",\"inLanguage\":\"es\",\"@id\":\"https:\/\/cosmetica.butterflyeffect.com.ar\/#\/schema\/logo\/image\/\",\"url\":\"https:\/\/cosmetica.butterflyeffect.com.ar\/wp-content\/uploads\/2023\/06\/cropped-LOGO-FINAL-BE-01.jpg\",\"contentUrl\":\"https:\/\/cosmetica.butterflyeffect.com.ar\/wp-content\/uploads\/2023\/06\/cropped-LOGO-FINAL-BE-01.jpg\",\"width\":766,\"height\":877,\"caption\":\"The Butterfly Effect\"},\"image\":{\"@id\":\"https:\/\/cosmetica.butterflyeffect.com.ar\/#\/schema\/logo\/image\/\"},\"sameAs\":[\"https:\/\/www.instagram.com\/butterflyeffect_ar\/\"]}]}<\/script>\n<!-- \/ Yoast SEO plugin. -->","yoast_head_json":{"title":"Sobre Nosotros -","description":"Cosmetica intima butterfly effect. En Butterfly Effect nos apasiona la cosm\u00e9tica \u00edntima y creemos en el poder transformador de los productos","robots":{"index":"index","follow":"follow","max-snippet":"max-snippet:-1","max-image-preview":"max-image-preview:large","max-video-preview":"max-video-preview:-1"},"canonical":"https:\/\/cosmetica.butterflyeffect.com.ar\/index.php\/cosmetica-intima-butterfly-effect\/","og_locale":"es_ES","og_type":"article","og_title":"Sobre Nosotros -","og_description":"Cosmetica intima butterfly effect. En Butterfly Effect nos apasiona la cosm\u00e9tica \u00edntima y creemos en el poder transformador de los productos","og_url":"https:\/\/cosmetica.butterflyeffect.com.ar\/index.php\/cosmetica-intima-butterfly-effect\/","article_modified_time":"2023-06-22T19:55:17+00:00","og_image":[{"width":1000,"height":1000,"url":"https:\/\/cosmetica.butterflyeffect.com.ar\/wp-content\/uploads\/2023\/03\/LOGO-SIN-FONDO-1000X1000.png","type":"image\/png"}],"twitter_card":"summary_large_image","twitter_misc":{"Tiempo de lectura":"2 minutos"},"schema":{"@context":"https:\/\/schema.org","@graph":[{"@type":"WebPage","@id":"https:\/\/cosmetica.butterflyeffect.com.ar\/index.php\/cosmetica-intima-butterfly-effect\/","url":"https:\/\/cosmetica.butterflyeffect.com.ar\/index.php\/cosmetica-intima-butterfly-effect\/","name":"Sobre Nosotros -","isPartOf":{"@id":"https:\/\/cosmetica.butterflyeffect.com.ar\/#website"},"datePublished":"2023-06-21T02:07:53+00:00","dateModified":"2023-06-22T19:55:17+00:00","description":"Cosmetica intima butterfly effect. En Butterfly Effect nos apasiona la cosm\u00e9tica \u00edntima y creemos en el poder transformador de los productos","breadcrumb":{"@id":"https:\/\/cosmetica.butterflyeffect.com.ar\/index.php\/cosmetica-intima-butterfly-effect\/#breadcrumb"},"inLanguage":"es","potentialAction":[{"@type":"ReadAction","target":["https:\/\/cosmetica.butterflyeffect.com.ar\/index.php\/cosmetica-intima-butterfly-effect\/"]}]},{"@type":"BreadcrumbList","@id":"https:\/\/cosmetica.butterflyeffect.com.ar\/index.php\/cosmetica-intima-butterfly-effect\/#breadcrumb","itemListElement":[{"@type":"ListItem","position":1,"name":"Portada","item":"https:\/\/cosmetica.butterflyeffect.com.ar\/"},{"@type":"ListItem","position":2,"name":"Sobre Nosotros"}]},{"@type":"WebSite","@id":"https:\/\/cosmetica.butterflyeffect.com.ar\/#website","url":"https:\/\/cosmetica.butterflyeffect.com.ar\/","name":"Butterfly Effect","description":"Premium Sex Tech Toys &amp; Cosmetica Intima","publisher":{"@id":"https:\/\/cosmetica.butterflyeffect.com.ar\/#organization"},"potentialAction":[{"@type":"SearchAction","target":{"@type":"EntryPoint","urlTemplate":"https:\/\/cosmetica.butterflyeffect.com.ar\/?s={search_term_string}"},"query-input":{"@type":"PropertyValueSpecification","valueRequired":true,"valueName":"search_term_string"}}],"inLanguage":"es"},{"@type":"Organization","@id":"https:\/\/cosmetica.butterflyeffect.com.ar\/#organization","name":"The Butterfly Effect","url":"https:\/\/cosmetica.butterflyeffect.com.ar\/","logo":{"@type":"ImageObject","inLanguage":"es","@id":"https:\/\/cosmetica.butterflyeffect.com.ar\/#\/schema\/logo\/image\/","url":"https:\/\/cosmetica.butterflyeffect.com.ar\/wp-content\/uploads\/2023\/06\/cropped-LOGO-FINAL-BE-01.jpg","contentUrl":"https:\/\/cosmetica.butterflyeffect.com.ar\/wp-content\/uploads\/2023\/06\/cropped-LOGO-FINAL-BE-01.jpg","width":766,"height":877,"caption":"The Butterfly Effect"},"image":{"@id":"https:\/\/cosmetica.butterflyeffect.com.ar\/#\/schema\/logo\/image\/"},"sameAs":["https:\/\/www.instagram.com\/butterflyeffect_ar\/"]}]}},"_links":{"self":[{"href":"https:\/\/cosmetica.butterflyeffect.com.ar\/index.php\/wp-json\/wp\/v2\/pages\/173"}],"collection":[{"href":"https:\/\/cosmetica.butterflyeffect.com.ar\/index.php\/wp-json\/wp\/v2\/pages"}],"about":[{"href":"https:\/\/cosmetica.butterflyeffect.com.ar\/index.php\/wp-json\/wp\/v2\/types\/page"}],"author":[{"embeddable":true,"href":"https:\/\/cosmetica.butterflyeffect.com.ar\/index.php\/wp-json\/wp\/v2\/users\/1"}],"replies":[{"embeddable":true,"href":"https:\/\/cosmetica.butterflyeffect.com.ar\/index.php\/wp-json\/wp\/v2\/comments?post=173"}],"version-history":[{"count":22,"href":"https:\/\/cosmetica.butterflyeffect.com.ar\/index.php\/wp-json\/wp\/v2\/pages\/173\/revisions"}],"predecessor-version":[{"id":213,"href":"https:\/\/cosmetica.butterflyeffect.com.ar\/index.php\/wp-json\/wp\/v2\/pages\/173\/revisions\/213"}],"wp:attachment":[{"href":"https:\/\/cosmetica.butterflyeffect.com.ar\/index.php\/wp-json\/wp\/v2\/media?parent=173"}],"curies":[{"name":"wp","href":"https:\/\/api.w.org\/{rel}","templated":true}]}}