{"id":531,"date":"2023-12-13T21:53:30","date_gmt":"2023-12-13T21:53:30","guid":{"rendered":"https:\/\/cosmetica.butterflyeffect.com.ar\/?post_type=product&#038;p=531"},"modified":"2026-04-08T16:07:31","modified_gmt":"2026-04-08T16:07:31","slug":"be-by-adabel-guerrero-perfume-stars-editon-feromonas","status":"publish","type":"product","link":"https:\/\/cosmetica.butterflyeffect.com.ar\/index.php\/producto\/be-by-adabel-guerrero-perfume-stars-editon-feromonas\/","title":{"rendered":"BE by Adabel Guerrero | PERFUME Stars Editon \u2013 Feromonas"},"content":{"rendered":"<p>Descubre el poder de la seducci\u00f3n con nuestro perfume con feromonas. Nuestra fragancia \u00fanica contiene feromonas naturales que aumentan tu atractivo y atraen a los dem\u00e1s hacia ti.<\/p>\n<p>Con solo una aplicaci\u00f3n, estar\u00e1s listo para seducir y conquistar. Ya sea que est\u00e9s en una cita, en una fiesta o en una reuni\u00f3n de negocios, nuestro perfume con feromonas te dar\u00e1 una ventaja irresistible.<\/p>\n<p>No te conformes con pasar desapercibido, atr\u00e9vete a destacar con nuestro perfume con feromonas. Despierta la pasi\u00f3n y el deseo en los dem\u00e1s con solo una fragancia. \u00a1Prueba nuestro perfume con feromonas hoy mismo y experimenta la diferencia!<\/p>\n<p>CAPACIDAD: 60ML<\/p>\n<p>TIPO: EDT<\/p>\n<p>OTRAS CARACTER\u00cdSTICAS: AFRODIS\u00cdACO CON FEROMONAS<\/p>\n","protected":false},"excerpt":{"rendered":"<p><span style=\"color: #320257\"><strong>COMPRALO HOY HASTA 6 CUOTAS SIN INTER\u00c9S Y CON DESCUENTO DEL 15% EN EFECTIVO.<\/strong><\/span><\/p>\n<p><img decoding=\"async\" class=\"aligncenter\" src=\"https:\/\/lelodistribucion.com.ar\/wp-content\/uploads\/2021\/03\/Medios-de-Pago-300x100.jpg\" \/><\/p>\n<p>Perfume floral frutal. Nota de salida: lim\u00f3n de amalfi y lima. Notas de coraz\u00f3n: manzana granny smith, peon\u00eda, pralin\u00e9 y datura. Notas de fondo: \u00e1rbol de manzano, almizcle, y cedro virginia.<\/p>\n","protected":false},"featured_media":548,"comment_status":"open","ping_status":"closed","template":"","meta":[],"product_cat":[75,17,71],"product_tag":[],"class_list":{"0":"post-531","1":"product","2":"type-product","3":"status-publish","4":"has-post-thumbnail","6":"product_cat-be-by-adabel-guerrero","7":"product_cat-fragancias-para-ella","8":"product_cat-perfumes-ellas","10":"entry","11":"has-media","13":"first","14":"outofstock","15":"shipping-taxable","16":"purchasable","17":"product-type-simple","18":"has-product-nav","19":"col","20":"span_1_of_4","21":"owp-content-center","22":"owp-thumbs-layout-horizontal","23":"owp-btn-normal","24":"owp-tabs-layout-horizontal"},"yoast_head":"<!-- This site is optimized with the Yoast SEO plugin v23.6 - https:\/\/yoast.com\/wordpress\/plugins\/seo\/ -->\n<title>BE by Adabel Guerrero | PERFUME Stars Editon \u2013 Feromonas -<\/title>\n<meta name=\"description\" content=\"PERFUME FEROMONAS MEN ATTRACTION Fragancia para hombre con notas naturales y sensuales, llena de energ\u00eda y vitalidad. De esas fragancias que nunca pasan\" \/>\n<meta name=\"robots\" content=\"index, follow, max-snippet:-1, max-image-preview:large, max-video-preview:-1\" \/>\n<link rel=\"canonical\" href=\"https:\/\/cosmetica.butterflyeffect.com.ar\/index.php\/producto\/be-by-adabel-guerrero-perfume-stars-editon-feromonas\/\" \/>\n<meta property=\"og:locale\" content=\"es_ES\" \/>\n<meta property=\"og:type\" content=\"article\" \/>\n<meta property=\"og:title\" content=\"BE by Adabel Guerrero | PERFUME Stars Editon \u2013 Feromonas -\" \/>\n<meta property=\"og:description\" content=\"PERFUME FEROMONAS MEN ATTRACTION Fragancia para hombre con notas naturales y sensuales, llena de energ\u00eda y vitalidad. De esas fragancias que nunca pasan\" \/>\n<meta property=\"og:url\" content=\"https:\/\/cosmetica.butterflyeffect.com.ar\/index.php\/producto\/be-by-adabel-guerrero-perfume-stars-editon-feromonas\/\" \/>\n<meta property=\"article:modified_time\" content=\"2026-04-08T16:07:31+00:00\" \/>\n<meta property=\"og:image\" content=\"https:\/\/cosmetica.butterflyeffect.com.ar\/wp-content\/uploads\/2023\/12\/PEFUME-ADABEL7.jpg\" \/>\n\t<meta property=\"og:image:width\" content=\"1024\" \/>\n\t<meta property=\"og:image:height\" content=\"680\" \/>\n\t<meta property=\"og:image:type\" content=\"image\/jpeg\" \/>\n<meta name=\"twitter:card\" content=\"summary_large_image\" \/>\n<meta name=\"twitter:label1\" content=\"Tiempo de lectura\" \/>\n\t<meta name=\"twitter:data1\" content=\"1 minuto\" \/>\n<script type=\"application\/ld+json\" class=\"yoast-schema-graph\">{\"@context\":\"https:\/\/schema.org\",\"@graph\":[{\"@type\":\"WebPage\",\"@id\":\"https:\/\/cosmetica.butterflyeffect.com.ar\/index.php\/producto\/be-by-adabel-guerrero-perfume-stars-editon-feromonas\/\",\"url\":\"https:\/\/cosmetica.butterflyeffect.com.ar\/index.php\/producto\/be-by-adabel-guerrero-perfume-stars-editon-feromonas\/\",\"name\":\"BE by Adabel Guerrero | PERFUME Stars Editon \u2013 Feromonas -\",\"isPartOf\":{\"@id\":\"https:\/\/cosmetica.butterflyeffect.com.ar\/#website\"},\"primaryImageOfPage\":{\"@id\":\"https:\/\/cosmetica.butterflyeffect.com.ar\/index.php\/producto\/be-by-adabel-guerrero-perfume-stars-editon-feromonas\/#primaryimage\"},\"image\":{\"@id\":\"https:\/\/cosmetica.butterflyeffect.com.ar\/index.php\/producto\/be-by-adabel-guerrero-perfume-stars-editon-feromonas\/#primaryimage\"},\"thumbnailUrl\":\"https:\/\/cosmetica.butterflyeffect.com.ar\/wp-content\/uploads\/2023\/12\/PEFUME-ADABEL7.jpg\",\"datePublished\":\"2023-12-13T21:53:30+00:00\",\"dateModified\":\"2026-04-08T16:07:31+00:00\",\"description\":\"PERFUME FEROMONAS MEN ATTRACTION Fragancia para hombre con notas naturales y sensuales, llena de energ\u00eda y vitalidad. De esas fragancias que nunca pasan\",\"breadcrumb\":{\"@id\":\"https:\/\/cosmetica.butterflyeffect.com.ar\/index.php\/producto\/be-by-adabel-guerrero-perfume-stars-editon-feromonas\/#breadcrumb\"},\"inLanguage\":\"es\",\"potentialAction\":[{\"@type\":\"ReadAction\",\"target\":[\"https:\/\/cosmetica.butterflyeffect.com.ar\/index.php\/producto\/be-by-adabel-guerrero-perfume-stars-editon-feromonas\/\"]}]},{\"@type\":\"ImageObject\",\"inLanguage\":\"es\",\"@id\":\"https:\/\/cosmetica.butterflyeffect.com.ar\/index.php\/producto\/be-by-adabel-guerrero-perfume-stars-editon-feromonas\/#primaryimage\",\"url\":\"https:\/\/cosmetica.butterflyeffect.com.ar\/wp-content\/uploads\/2023\/12\/PEFUME-ADABEL7.jpg\",\"contentUrl\":\"https:\/\/cosmetica.butterflyeffect.com.ar\/wp-content\/uploads\/2023\/12\/PEFUME-ADABEL7.jpg\",\"width\":1024,\"height\":680},{\"@type\":\"BreadcrumbList\",\"@id\":\"https:\/\/cosmetica.butterflyeffect.com.ar\/index.php\/producto\/be-by-adabel-guerrero-perfume-stars-editon-feromonas\/#breadcrumb\",\"itemListElement\":[{\"@type\":\"ListItem\",\"position\":1,\"name\":\"Portada\",\"item\":\"https:\/\/cosmetica.butterflyeffect.com.ar\/\"},{\"@type\":\"ListItem\",\"position\":2,\"name\":\"Tienda\",\"item\":\"https:\/\/cosmetica.butterflyeffect.com.ar\/index.php\/tienda\/\"},{\"@type\":\"ListItem\",\"position\":3,\"name\":\"BE by Adabel Guerrero | PERFUME Stars Editon \u2013 Feromonas\"}]},{\"@type\":\"WebSite\",\"@id\":\"https:\/\/cosmetica.butterflyeffect.com.ar\/#website\",\"url\":\"https:\/\/cosmetica.butterflyeffect.com.ar\/\",\"name\":\"Butterfly Effect\",\"description\":\"Premium Sex Tech Toys &amp; Cosmetica Intima\",\"publisher\":{\"@id\":\"https:\/\/cosmetica.butterflyeffect.com.ar\/#organization\"},\"potentialAction\":[{\"@type\":\"SearchAction\",\"target\":{\"@type\":\"EntryPoint\",\"urlTemplate\":\"https:\/\/cosmetica.butterflyeffect.com.ar\/?s={search_term_string}\"},\"query-input\":{\"@type\":\"PropertyValueSpecification\",\"valueRequired\":true,\"valueName\":\"search_term_string\"}}],\"inLanguage\":\"es\"},{\"@type\":\"Organization\",\"@id\":\"https:\/\/cosmetica.butterflyeffect.com.ar\/#organization\",\"name\":\"The Butterfly Effect\",\"url\":\"https:\/\/cosmetica.butterflyeffect.com.ar\/\",\"logo\":{\"@type\":\"ImageObject\",\"inLanguage\":\"es\",\"@id\":\"https:\/\/cosmetica.butterflyeffect.com.ar\/#\/schema\/logo\/image\/\",\"url\":\"https:\/\/cosmetica.butterflyeffect.com.ar\/wp-content\/uploads\/2023\/06\/cropped-LOGO-FINAL-BE-01.jpg\",\"contentUrl\":\"https:\/\/cosmetica.butterflyeffect.com.ar\/wp-content\/uploads\/2023\/06\/cropped-LOGO-FINAL-BE-01.jpg\",\"width\":766,\"height\":877,\"caption\":\"The Butterfly Effect\"},\"image\":{\"@id\":\"https:\/\/cosmetica.butterflyeffect.com.ar\/#\/schema\/logo\/image\/\"},\"sameAs\":[\"https:\/\/www.instagram.com\/butterflyeffect_ar\/\"]}]}<\/script>\n<!-- \/ Yoast SEO plugin. -->","yoast_head_json":{"title":"BE by Adabel Guerrero | PERFUME Stars Editon \u2013 Feromonas -","description":"PERFUME FEROMONAS MEN ATTRACTION Fragancia para hombre con notas naturales y sensuales, llena de energ\u00eda y vitalidad. De esas fragancias que nunca pasan","robots":{"index":"index","follow":"follow","max-snippet":"max-snippet:-1","max-image-preview":"max-image-preview:large","max-video-preview":"max-video-preview:-1"},"canonical":"https:\/\/cosmetica.butterflyeffect.com.ar\/index.php\/producto\/be-by-adabel-guerrero-perfume-stars-editon-feromonas\/","og_locale":"es_ES","og_type":"article","og_title":"BE by Adabel Guerrero | PERFUME Stars Editon \u2013 Feromonas -","og_description":"PERFUME FEROMONAS MEN ATTRACTION Fragancia para hombre con notas naturales y sensuales, llena de energ\u00eda y vitalidad. De esas fragancias que nunca pasan","og_url":"https:\/\/cosmetica.butterflyeffect.com.ar\/index.php\/producto\/be-by-adabel-guerrero-perfume-stars-editon-feromonas\/","article_modified_time":"2026-04-08T16:07:31+00:00","og_image":[{"width":1024,"height":680,"url":"https:\/\/cosmetica.butterflyeffect.com.ar\/wp-content\/uploads\/2023\/12\/PEFUME-ADABEL7.jpg","type":"image\/jpeg"}],"twitter_card":"summary_large_image","twitter_misc":{"Tiempo de lectura":"1 minuto"},"schema":{"@context":"https:\/\/schema.org","@graph":[{"@type":"WebPage","@id":"https:\/\/cosmetica.butterflyeffect.com.ar\/index.php\/producto\/be-by-adabel-guerrero-perfume-stars-editon-feromonas\/","url":"https:\/\/cosmetica.butterflyeffect.com.ar\/index.php\/producto\/be-by-adabel-guerrero-perfume-stars-editon-feromonas\/","name":"BE by Adabel Guerrero | PERFUME Stars Editon \u2013 Feromonas -","isPartOf":{"@id":"https:\/\/cosmetica.butterflyeffect.com.ar\/#website"},"primaryImageOfPage":{"@id":"https:\/\/cosmetica.butterflyeffect.com.ar\/index.php\/producto\/be-by-adabel-guerrero-perfume-stars-editon-feromonas\/#primaryimage"},"image":{"@id":"https:\/\/cosmetica.butterflyeffect.com.ar\/index.php\/producto\/be-by-adabel-guerrero-perfume-stars-editon-feromonas\/#primaryimage"},"thumbnailUrl":"https:\/\/cosmetica.butterflyeffect.com.ar\/wp-content\/uploads\/2023\/12\/PEFUME-ADABEL7.jpg","datePublished":"2023-12-13T21:53:30+00:00","dateModified":"2026-04-08T16:07:31+00:00","description":"PERFUME FEROMONAS MEN ATTRACTION Fragancia para hombre con notas naturales y sensuales, llena de energ\u00eda y vitalidad. De esas fragancias que nunca pasan","breadcrumb":{"@id":"https:\/\/cosmetica.butterflyeffect.com.ar\/index.php\/producto\/be-by-adabel-guerrero-perfume-stars-editon-feromonas\/#breadcrumb"},"inLanguage":"es","potentialAction":[{"@type":"ReadAction","target":["https:\/\/cosmetica.butterflyeffect.com.ar\/index.php\/producto\/be-by-adabel-guerrero-perfume-stars-editon-feromonas\/"]}]},{"@type":"ImageObject","inLanguage":"es","@id":"https:\/\/cosmetica.butterflyeffect.com.ar\/index.php\/producto\/be-by-adabel-guerrero-perfume-stars-editon-feromonas\/#primaryimage","url":"https:\/\/cosmetica.butterflyeffect.com.ar\/wp-content\/uploads\/2023\/12\/PEFUME-ADABEL7.jpg","contentUrl":"https:\/\/cosmetica.butterflyeffect.com.ar\/wp-content\/uploads\/2023\/12\/PEFUME-ADABEL7.jpg","width":1024,"height":680},{"@type":"BreadcrumbList","@id":"https:\/\/cosmetica.butterflyeffect.com.ar\/index.php\/producto\/be-by-adabel-guerrero-perfume-stars-editon-feromonas\/#breadcrumb","itemListElement":[{"@type":"ListItem","position":1,"name":"Portada","item":"https:\/\/cosmetica.butterflyeffect.com.ar\/"},{"@type":"ListItem","position":2,"name":"Tienda","item":"https:\/\/cosmetica.butterflyeffect.com.ar\/index.php\/tienda\/"},{"@type":"ListItem","position":3,"name":"BE by Adabel Guerrero | PERFUME Stars Editon \u2013 Feromonas"}]},{"@type":"WebSite","@id":"https:\/\/cosmetica.butterflyeffect.com.ar\/#website","url":"https:\/\/cosmetica.butterflyeffect.com.ar\/","name":"Butterfly Effect","description":"Premium Sex Tech Toys &amp; Cosmetica Intima","publisher":{"@id":"https:\/\/cosmetica.butterflyeffect.com.ar\/#organization"},"potentialAction":[{"@type":"SearchAction","target":{"@type":"EntryPoint","urlTemplate":"https:\/\/cosmetica.butterflyeffect.com.ar\/?s={search_term_string}"},"query-input":{"@type":"PropertyValueSpecification","valueRequired":true,"valueName":"search_term_string"}}],"inLanguage":"es"},{"@type":"Organization","@id":"https:\/\/cosmetica.butterflyeffect.com.ar\/#organization","name":"The Butterfly Effect","url":"https:\/\/cosmetica.butterflyeffect.com.ar\/","logo":{"@type":"ImageObject","inLanguage":"es","@id":"https:\/\/cosmetica.butterflyeffect.com.ar\/#\/schema\/logo\/image\/","url":"https:\/\/cosmetica.butterflyeffect.com.ar\/wp-content\/uploads\/2023\/06\/cropped-LOGO-FINAL-BE-01.jpg","contentUrl":"https:\/\/cosmetica.butterflyeffect.com.ar\/wp-content\/uploads\/2023\/06\/cropped-LOGO-FINAL-BE-01.jpg","width":766,"height":877,"caption":"The Butterfly Effect"},"image":{"@id":"https:\/\/cosmetica.butterflyeffect.com.ar\/#\/schema\/logo\/image\/"},"sameAs":["https:\/\/www.instagram.com\/butterflyeffect_ar\/"]}]}},"_links":{"self":[{"href":"https:\/\/cosmetica.butterflyeffect.com.ar\/index.php\/wp-json\/wp\/v2\/product\/531"}],"collection":[{"href":"https:\/\/cosmetica.butterflyeffect.com.ar\/index.php\/wp-json\/wp\/v2\/product"}],"about":[{"href":"https:\/\/cosmetica.butterflyeffect.com.ar\/index.php\/wp-json\/wp\/v2\/types\/product"}],"replies":[{"embeddable":true,"href":"https:\/\/cosmetica.butterflyeffect.com.ar\/index.php\/wp-json\/wp\/v2\/comments?post=531"}],"wp:featuredmedia":[{"embeddable":true,"href":"https:\/\/cosmetica.butterflyeffect.com.ar\/index.php\/wp-json\/wp\/v2\/media\/548"}],"wp:attachment":[{"href":"https:\/\/cosmetica.butterflyeffect.com.ar\/index.php\/wp-json\/wp\/v2\/media?parent=531"}],"wp:term":[{"taxonomy":"product_cat","embeddable":true,"href":"https:\/\/cosmetica.butterflyeffect.com.ar\/index.php\/wp-json\/wp\/v2\/product_cat?post=531"},{"taxonomy":"product_tag","embeddable":true,"href":"https:\/\/cosmetica.butterflyeffect.com.ar\/index.php\/wp-json\/wp\/v2\/product_tag?post=531"}],"curies":[{"name":"wp","href":"https:\/\/api.w.org\/{rel}","templated":true}]}}