{"id":786,"date":"2024-04-16T13:57:26","date_gmt":"2024-04-16T13:57:26","guid":{"rendered":"https:\/\/cosmetica.butterflyeffect.com.ar\/?post_type=product&#038;p=786"},"modified":"2026-04-08T16:07:11","modified_gmt":"2026-04-08T16:07:11","slug":"be-perfume-iskra-feromonas","status":"publish","type":"product","link":"https:\/\/cosmetica.butterflyeffect.com.ar\/index.php\/producto\/be-perfume-iskra-feromonas\/","title":{"rendered":"BE | PERFUME ISKRA \u2013 Feromonas"},"content":{"rendered":"<p>D\u00e9jate seducir por el encanto y la elegancia del perfume BUTTERFLY EFFECT ISKRA EDP de 60 ml para mujer. Esta fragancia \u00fanica de la l\u00ednea ISKRA es perfecta para aquellas mujeres que buscan un aroma distintivo y sofisticado. El Eau de Parfum ofrece una mayor concentraci\u00f3n de esencias, lo que garantiza una duraci\u00f3n prolongada y un aroma m\u00e1s intenso en comparaci\u00f3n con otras versiones de perfumes. El tipo de aroma Chipre gourmand combina notas dulces y terrosas, creando una fragancia equilibrada y atractiva. Las notas de salida de gardenia aportan un toque floral fresco, mientras que las notas de coraz\u00f3n de miel le dan un dulzor sutil y envolvente. Por \u00faltimo, las notas de fondo de pachuli brindan un aroma terroso y duradero que te acompa\u00f1ar\u00e1 durante todo el d\u00eda. No esperes m\u00e1s para disfrutar de la sofisticaci\u00f3n y el glamour que BUTTERFLY EFFECT ISKRA EDP tiene para ofrecerte.<\/p>\n<p>Descubre el poder de la seducci\u00f3n con nuestro perfume con feromonas. Nuestra fragancia \u00fanica contiene feromonas naturales que aumentan tu atractivo y atraen a los dem\u00e1s hacia ti.<\/p>\n<p>Con solo una aplicaci\u00f3n, estar\u00e1s listo para seducir y conquistar. Ya sea que est\u00e9s en una cita, en una fiesta o en una reuni\u00f3n de negocios, nuestro perfume con feromonas te dar\u00e1 una ventaja irresistible.<\/p>\n<p>No te conformes con pasar desapercibido, atr\u00e9vete a destacar con nuestro perfume con feromonas. Despierta la pasi\u00f3n y el deseo en los dem\u00e1s con solo una fragancia. \u00a1Prueba nuestro perfume con feromonas hoy mismo y experimenta la diferencia!<\/p>\n<p>CAPACIDAD: 60ML<\/p>\n<p>TIPO: EDP<\/p>\n<p>OTRAS CARACTER\u00cdSTICAS: AFRODIS\u00cdACO CON FEROMONAS<\/p>\n","protected":false},"excerpt":{"rendered":"<p><span style=\"color: #320257\"><strong>COMPRALO HOY HASTA 6 CUOTAS SIN INTER\u00c9S Y CON DESCUENTO DEL 15% EN EFECTIVO.<\/strong><\/span><\/p>\n<p><img decoding=\"async\" class=\"aligncenter\" src=\"https:\/\/lelodistribucion.com.ar\/wp-content\/uploads\/2021\/03\/Medios-de-Pago-300x100.jpg\" \/><\/p>\n<p>ISKRA representa un nuevo estilo de fragancia femenina, donde su aura elegante es manchada por el esp\u00edritu de Pigalle amado por BUTTERFLY EFFECT. Hasta la se\u00f1ora ministra se siente tentada por este aroma a ISKRA. Es mas que un golpe de aire fresco, es un golpe de libertad. De noche, todos (en BUTTERFLY EFFECT) tienen permitido ser los due\u00f1os de las fiestas, crear escenas y hacer escandalos. Incluso la se\u00f1ora ministra! Ya no sabemos si es una se\u00f1ora de la alta sociedad (gran fantas\u00eda) o la reina de la noche (Gran fantas\u00eda), son como la misma persona.<br \/>\nNotas de entrada: Miel Gardenia.<br \/>\nNotas de coraz\u00f3n: Miel.<br \/>\nNotas de salida: Miel Pachuli.<br \/>\nAroma: Chipre Meloso<\/p>\n","protected":false},"featured_media":794,"comment_status":"open","ping_status":"closed","template":"","meta":[],"product_cat":[17,71],"product_tag":[],"class_list":{"0":"post-786","1":"product","2":"type-product","3":"status-publish","4":"has-post-thumbnail","6":"product_cat-fragancias-para-ella","7":"product_cat-perfumes-ellas","9":"entry","10":"has-media","12":"first","13":"outofstock","14":"shipping-taxable","15":"purchasable","16":"product-type-simple","17":"has-product-nav","18":"col","19":"span_1_of_4","20":"owp-content-center","21":"owp-thumbs-layout-horizontal","22":"owp-btn-normal","23":"owp-tabs-layout-horizontal"},"yoast_head":"<!-- This site is optimized with the Yoast SEO plugin v23.6 - https:\/\/yoast.com\/wordpress\/plugins\/seo\/ -->\n<title>BE | PERFUME ISKRA \u2013 Feromonas -<\/title>\n<meta name=\"description\" content=\"PERFUME FEROMONAS MEN ATTRACTION Fragancia para hombre con notas naturales y sensuales, llena de energ\u00eda y vitalidad. De esas fragancias que nunca pasan\" \/>\n<meta name=\"robots\" content=\"index, follow, max-snippet:-1, max-image-preview:large, max-video-preview:-1\" \/>\n<link rel=\"canonical\" href=\"https:\/\/cosmetica.butterflyeffect.com.ar\/index.php\/producto\/be-perfume-iskra-feromonas\/\" \/>\n<meta property=\"og:locale\" content=\"es_ES\" \/>\n<meta property=\"og:type\" content=\"article\" \/>\n<meta property=\"og:title\" content=\"BE | PERFUME ISKRA \u2013 Feromonas -\" \/>\n<meta property=\"og:description\" content=\"PERFUME FEROMONAS MEN ATTRACTION Fragancia para hombre con notas naturales y sensuales, llena de energ\u00eda y vitalidad. De esas fragancias que nunca pasan\" \/>\n<meta property=\"og:url\" content=\"https:\/\/cosmetica.butterflyeffect.com.ar\/index.php\/producto\/be-perfume-iskra-feromonas\/\" \/>\n<meta property=\"article:modified_time\" content=\"2026-04-08T16:07:11+00:00\" \/>\n<meta property=\"og:image\" content=\"https:\/\/cosmetica.butterflyeffect.com.ar\/wp-content\/uploads\/2024\/04\/Diseno-sin-titulo-2.jpg\" \/>\n\t<meta property=\"og:image:width\" content=\"1024\" \/>\n\t<meta property=\"og:image:height\" content=\"680\" \/>\n\t<meta property=\"og:image:type\" content=\"image\/jpeg\" \/>\n<meta name=\"twitter:card\" content=\"summary_large_image\" \/>\n<meta name=\"twitter:label1\" content=\"Tiempo de lectura\" \/>\n\t<meta name=\"twitter:data1\" content=\"2 minutos\" \/>\n<script type=\"application\/ld+json\" class=\"yoast-schema-graph\">{\"@context\":\"https:\/\/schema.org\",\"@graph\":[{\"@type\":\"WebPage\",\"@id\":\"https:\/\/cosmetica.butterflyeffect.com.ar\/index.php\/producto\/be-perfume-iskra-feromonas\/\",\"url\":\"https:\/\/cosmetica.butterflyeffect.com.ar\/index.php\/producto\/be-perfume-iskra-feromonas\/\",\"name\":\"BE | PERFUME ISKRA \u2013 Feromonas -\",\"isPartOf\":{\"@id\":\"https:\/\/cosmetica.butterflyeffect.com.ar\/#website\"},\"primaryImageOfPage\":{\"@id\":\"https:\/\/cosmetica.butterflyeffect.com.ar\/index.php\/producto\/be-perfume-iskra-feromonas\/#primaryimage\"},\"image\":{\"@id\":\"https:\/\/cosmetica.butterflyeffect.com.ar\/index.php\/producto\/be-perfume-iskra-feromonas\/#primaryimage\"},\"thumbnailUrl\":\"https:\/\/cosmetica.butterflyeffect.com.ar\/wp-content\/uploads\/2024\/04\/Diseno-sin-titulo-2.jpg\",\"datePublished\":\"2024-04-16T13:57:26+00:00\",\"dateModified\":\"2026-04-08T16:07:11+00:00\",\"description\":\"PERFUME FEROMONAS MEN ATTRACTION Fragancia para hombre con notas naturales y sensuales, llena de energ\u00eda y vitalidad. De esas fragancias que nunca pasan\",\"breadcrumb\":{\"@id\":\"https:\/\/cosmetica.butterflyeffect.com.ar\/index.php\/producto\/be-perfume-iskra-feromonas\/#breadcrumb\"},\"inLanguage\":\"es\",\"potentialAction\":[{\"@type\":\"ReadAction\",\"target\":[\"https:\/\/cosmetica.butterflyeffect.com.ar\/index.php\/producto\/be-perfume-iskra-feromonas\/\"]}]},{\"@type\":\"ImageObject\",\"inLanguage\":\"es\",\"@id\":\"https:\/\/cosmetica.butterflyeffect.com.ar\/index.php\/producto\/be-perfume-iskra-feromonas\/#primaryimage\",\"url\":\"https:\/\/cosmetica.butterflyeffect.com.ar\/wp-content\/uploads\/2024\/04\/Diseno-sin-titulo-2.jpg\",\"contentUrl\":\"https:\/\/cosmetica.butterflyeffect.com.ar\/wp-content\/uploads\/2024\/04\/Diseno-sin-titulo-2.jpg\",\"width\":1024,\"height\":680},{\"@type\":\"BreadcrumbList\",\"@id\":\"https:\/\/cosmetica.butterflyeffect.com.ar\/index.php\/producto\/be-perfume-iskra-feromonas\/#breadcrumb\",\"itemListElement\":[{\"@type\":\"ListItem\",\"position\":1,\"name\":\"Portada\",\"item\":\"https:\/\/cosmetica.butterflyeffect.com.ar\/\"},{\"@type\":\"ListItem\",\"position\":2,\"name\":\"Tienda\",\"item\":\"https:\/\/cosmetica.butterflyeffect.com.ar\/index.php\/tienda\/\"},{\"@type\":\"ListItem\",\"position\":3,\"name\":\"BE | PERFUME ISKRA \u2013 Feromonas\"}]},{\"@type\":\"WebSite\",\"@id\":\"https:\/\/cosmetica.butterflyeffect.com.ar\/#website\",\"url\":\"https:\/\/cosmetica.butterflyeffect.com.ar\/\",\"name\":\"Butterfly Effect\",\"description\":\"Premium Sex Tech Toys &amp; Cosmetica Intima\",\"publisher\":{\"@id\":\"https:\/\/cosmetica.butterflyeffect.com.ar\/#organization\"},\"potentialAction\":[{\"@type\":\"SearchAction\",\"target\":{\"@type\":\"EntryPoint\",\"urlTemplate\":\"https:\/\/cosmetica.butterflyeffect.com.ar\/?s={search_term_string}\"},\"query-input\":{\"@type\":\"PropertyValueSpecification\",\"valueRequired\":true,\"valueName\":\"search_term_string\"}}],\"inLanguage\":\"es\"},{\"@type\":\"Organization\",\"@id\":\"https:\/\/cosmetica.butterflyeffect.com.ar\/#organization\",\"name\":\"The Butterfly Effect\",\"url\":\"https:\/\/cosmetica.butterflyeffect.com.ar\/\",\"logo\":{\"@type\":\"ImageObject\",\"inLanguage\":\"es\",\"@id\":\"https:\/\/cosmetica.butterflyeffect.com.ar\/#\/schema\/logo\/image\/\",\"url\":\"https:\/\/cosmetica.butterflyeffect.com.ar\/wp-content\/uploads\/2023\/06\/cropped-LOGO-FINAL-BE-01.jpg\",\"contentUrl\":\"https:\/\/cosmetica.butterflyeffect.com.ar\/wp-content\/uploads\/2023\/06\/cropped-LOGO-FINAL-BE-01.jpg\",\"width\":766,\"height\":877,\"caption\":\"The Butterfly Effect\"},\"image\":{\"@id\":\"https:\/\/cosmetica.butterflyeffect.com.ar\/#\/schema\/logo\/image\/\"},\"sameAs\":[\"https:\/\/www.instagram.com\/butterflyeffect_ar\/\"]}]}<\/script>\n<!-- \/ Yoast SEO plugin. -->","yoast_head_json":{"title":"BE | PERFUME ISKRA \u2013 Feromonas -","description":"PERFUME FEROMONAS MEN ATTRACTION Fragancia para hombre con notas naturales y sensuales, llena de energ\u00eda y vitalidad. De esas fragancias que nunca pasan","robots":{"index":"index","follow":"follow","max-snippet":"max-snippet:-1","max-image-preview":"max-image-preview:large","max-video-preview":"max-video-preview:-1"},"canonical":"https:\/\/cosmetica.butterflyeffect.com.ar\/index.php\/producto\/be-perfume-iskra-feromonas\/","og_locale":"es_ES","og_type":"article","og_title":"BE | PERFUME ISKRA \u2013 Feromonas -","og_description":"PERFUME FEROMONAS MEN ATTRACTION Fragancia para hombre con notas naturales y sensuales, llena de energ\u00eda y vitalidad. De esas fragancias que nunca pasan","og_url":"https:\/\/cosmetica.butterflyeffect.com.ar\/index.php\/producto\/be-perfume-iskra-feromonas\/","article_modified_time":"2026-04-08T16:07:11+00:00","og_image":[{"width":1024,"height":680,"url":"https:\/\/cosmetica.butterflyeffect.com.ar\/wp-content\/uploads\/2024\/04\/Diseno-sin-titulo-2.jpg","type":"image\/jpeg"}],"twitter_card":"summary_large_image","twitter_misc":{"Tiempo de lectura":"2 minutos"},"schema":{"@context":"https:\/\/schema.org","@graph":[{"@type":"WebPage","@id":"https:\/\/cosmetica.butterflyeffect.com.ar\/index.php\/producto\/be-perfume-iskra-feromonas\/","url":"https:\/\/cosmetica.butterflyeffect.com.ar\/index.php\/producto\/be-perfume-iskra-feromonas\/","name":"BE | PERFUME ISKRA \u2013 Feromonas -","isPartOf":{"@id":"https:\/\/cosmetica.butterflyeffect.com.ar\/#website"},"primaryImageOfPage":{"@id":"https:\/\/cosmetica.butterflyeffect.com.ar\/index.php\/producto\/be-perfume-iskra-feromonas\/#primaryimage"},"image":{"@id":"https:\/\/cosmetica.butterflyeffect.com.ar\/index.php\/producto\/be-perfume-iskra-feromonas\/#primaryimage"},"thumbnailUrl":"https:\/\/cosmetica.butterflyeffect.com.ar\/wp-content\/uploads\/2024\/04\/Diseno-sin-titulo-2.jpg","datePublished":"2024-04-16T13:57:26+00:00","dateModified":"2026-04-08T16:07:11+00:00","description":"PERFUME FEROMONAS MEN ATTRACTION Fragancia para hombre con notas naturales y sensuales, llena de energ\u00eda y vitalidad. De esas fragancias que nunca pasan","breadcrumb":{"@id":"https:\/\/cosmetica.butterflyeffect.com.ar\/index.php\/producto\/be-perfume-iskra-feromonas\/#breadcrumb"},"inLanguage":"es","potentialAction":[{"@type":"ReadAction","target":["https:\/\/cosmetica.butterflyeffect.com.ar\/index.php\/producto\/be-perfume-iskra-feromonas\/"]}]},{"@type":"ImageObject","inLanguage":"es","@id":"https:\/\/cosmetica.butterflyeffect.com.ar\/index.php\/producto\/be-perfume-iskra-feromonas\/#primaryimage","url":"https:\/\/cosmetica.butterflyeffect.com.ar\/wp-content\/uploads\/2024\/04\/Diseno-sin-titulo-2.jpg","contentUrl":"https:\/\/cosmetica.butterflyeffect.com.ar\/wp-content\/uploads\/2024\/04\/Diseno-sin-titulo-2.jpg","width":1024,"height":680},{"@type":"BreadcrumbList","@id":"https:\/\/cosmetica.butterflyeffect.com.ar\/index.php\/producto\/be-perfume-iskra-feromonas\/#breadcrumb","itemListElement":[{"@type":"ListItem","position":1,"name":"Portada","item":"https:\/\/cosmetica.butterflyeffect.com.ar\/"},{"@type":"ListItem","position":2,"name":"Tienda","item":"https:\/\/cosmetica.butterflyeffect.com.ar\/index.php\/tienda\/"},{"@type":"ListItem","position":3,"name":"BE | PERFUME ISKRA \u2013 Feromonas"}]},{"@type":"WebSite","@id":"https:\/\/cosmetica.butterflyeffect.com.ar\/#website","url":"https:\/\/cosmetica.butterflyeffect.com.ar\/","name":"Butterfly Effect","description":"Premium Sex Tech Toys &amp; Cosmetica Intima","publisher":{"@id":"https:\/\/cosmetica.butterflyeffect.com.ar\/#organization"},"potentialAction":[{"@type":"SearchAction","target":{"@type":"EntryPoint","urlTemplate":"https:\/\/cosmetica.butterflyeffect.com.ar\/?s={search_term_string}"},"query-input":{"@type":"PropertyValueSpecification","valueRequired":true,"valueName":"search_term_string"}}],"inLanguage":"es"},{"@type":"Organization","@id":"https:\/\/cosmetica.butterflyeffect.com.ar\/#organization","name":"The Butterfly Effect","url":"https:\/\/cosmetica.butterflyeffect.com.ar\/","logo":{"@type":"ImageObject","inLanguage":"es","@id":"https:\/\/cosmetica.butterflyeffect.com.ar\/#\/schema\/logo\/image\/","url":"https:\/\/cosmetica.butterflyeffect.com.ar\/wp-content\/uploads\/2023\/06\/cropped-LOGO-FINAL-BE-01.jpg","contentUrl":"https:\/\/cosmetica.butterflyeffect.com.ar\/wp-content\/uploads\/2023\/06\/cropped-LOGO-FINAL-BE-01.jpg","width":766,"height":877,"caption":"The Butterfly Effect"},"image":{"@id":"https:\/\/cosmetica.butterflyeffect.com.ar\/#\/schema\/logo\/image\/"},"sameAs":["https:\/\/www.instagram.com\/butterflyeffect_ar\/"]}]}},"_links":{"self":[{"href":"https:\/\/cosmetica.butterflyeffect.com.ar\/index.php\/wp-json\/wp\/v2\/product\/786"}],"collection":[{"href":"https:\/\/cosmetica.butterflyeffect.com.ar\/index.php\/wp-json\/wp\/v2\/product"}],"about":[{"href":"https:\/\/cosmetica.butterflyeffect.com.ar\/index.php\/wp-json\/wp\/v2\/types\/product"}],"replies":[{"embeddable":true,"href":"https:\/\/cosmetica.butterflyeffect.com.ar\/index.php\/wp-json\/wp\/v2\/comments?post=786"}],"wp:featuredmedia":[{"embeddable":true,"href":"https:\/\/cosmetica.butterflyeffect.com.ar\/index.php\/wp-json\/wp\/v2\/media\/794"}],"wp:attachment":[{"href":"https:\/\/cosmetica.butterflyeffect.com.ar\/index.php\/wp-json\/wp\/v2\/media?parent=786"}],"wp:term":[{"taxonomy":"product_cat","embeddable":true,"href":"https:\/\/cosmetica.butterflyeffect.com.ar\/index.php\/wp-json\/wp\/v2\/product_cat?post=786"},{"taxonomy":"product_tag","embeddable":true,"href":"https:\/\/cosmetica.butterflyeffect.com.ar\/index.php\/wp-json\/wp\/v2\/product_tag?post=786"}],"curies":[{"name":"wp","href":"https:\/\/api.w.org\/{rel}","templated":true}]}}