{"id":813,"date":"2024-04-18T23:07:09","date_gmt":"2024-04-18T23:07:09","guid":{"rendered":"https:\/\/cosmetica.butterflyeffect.com.ar\/?post_type=product&#038;p=813"},"modified":"2026-04-17T20:06:29","modified_gmt":"2026-04-17T20:06:29","slug":"be-limpiador-de-juguetes-spray","status":"publish","type":"product","link":"https:\/\/cosmetica.butterflyeffect.com.ar\/index.php\/producto\/be-limpiador-de-juguetes-spray\/","title":{"rendered":"BE | Limpiador de Juguetes &#8211; Spray"},"content":{"rendered":"<p>Toy Cleaner es una mejor opci\u00f3n para la limpieza de productos de placer que los jabones est\u00e1ndar porque no contiene aceite y no descompone los materiales de los juguetes, ni deja ning\u00fan residuo.<\/p>\n<p>F\u00e1cil de usar:<\/p>\n<p>Roc\u00ede directamente sobre juguetes sexuales antes y despu\u00e9s del uso.<br \/>\nLimpie el exceso de liquido.<\/p>\n<p>Contenido: 110ml Neto<\/p>\n","protected":false},"excerpt":{"rendered":"<p><strong>COMPRALO HOY HASTA 6 CUOTAS SIN INTER\u00c9S Y CON DESCUENTO DEL 15% EN EFECTIVO.<\/strong><\/p>\n<p><img decoding=\"async\" class=\"aligncenter\" src=\"https:\/\/lelodistribucion.com.ar\/wp-content\/uploads\/2021\/03\/Medios-de-Pago-300x100.jpg\" \/><\/p>\n<p>Spray de limpieza antibacteriano r\u00e1pido y f\u00e1cil de usar, ha demostrado matar el 99,9% de todas las bacterias, y es lo suficientemente suave como para no causar irritaci\u00f3n.<\/p>\n","protected":false},"featured_media":834,"comment_status":"open","ping_status":"closed","template":"","meta":[],"product_cat":[68],"product_tag":[],"class_list":{"0":"post-813","1":"product","2":"type-product","3":"status-publish","4":"has-post-thumbnail","6":"product_cat-limpiadores-eroticos","8":"entry","9":"has-media","11":"first","12":"instock","13":"shipping-taxable","14":"purchasable","15":"product-type-simple","16":"has-product-nav","17":"col","18":"span_1_of_4","19":"owp-content-center","20":"owp-thumbs-layout-horizontal","21":"owp-btn-normal","22":"owp-tabs-layout-horizontal"},"yoast_head":"<!-- This site is optimized with the Yoast SEO plugin v23.6 - https:\/\/yoast.com\/wordpress\/plugins\/seo\/ -->\n<title>BE | Limpiador de Juguetes - Spray -<\/title>\n<meta name=\"robots\" content=\"index, follow, max-snippet:-1, max-image-preview:large, max-video-preview:-1\" \/>\n<link rel=\"canonical\" href=\"https:\/\/cosmetica.butterflyeffect.com.ar\/index.php\/producto\/be-limpiador-de-juguetes-spray\/\" \/>\n<meta property=\"og:locale\" content=\"es_ES\" \/>\n<meta property=\"og:type\" content=\"article\" \/>\n<meta property=\"og:title\" content=\"BE | Limpiador de Juguetes - Spray -\" \/>\n<meta property=\"og:description\" content=\"COMPRALO HOY HASTA 6 CUOTAS SIN INTER\u00c9S Y CON DESCUENTO DEL 15% EN EFECTIVO.    Spray de limpieza antibacteriano r\u00e1pido y f\u00e1cil de usar, ha demostrado matar el 99,9% de todas las bacterias, y es lo suficientemente suave como para no causar irritaci\u00f3n.\" \/>\n<meta property=\"og:url\" content=\"https:\/\/cosmetica.butterflyeffect.com.ar\/index.php\/producto\/be-limpiador-de-juguetes-spray\/\" \/>\n<meta property=\"article:modified_time\" content=\"2026-04-17T20:06:29+00:00\" \/>\n<meta property=\"og:image\" content=\"https:\/\/cosmetica.butterflyeffect.com.ar\/wp-content\/uploads\/2024\/04\/CLEANNER-4.jpg\" \/>\n\t<meta property=\"og:image:width\" content=\"1024\" \/>\n\t<meta property=\"og:image:height\" content=\"680\" \/>\n\t<meta property=\"og:image:type\" content=\"image\/jpeg\" \/>\n<meta name=\"twitter:card\" content=\"summary_large_image\" \/>\n<meta name=\"twitter:label1\" content=\"Tiempo de lectura\" \/>\n\t<meta name=\"twitter:data1\" content=\"1 minuto\" \/>\n<script type=\"application\/ld+json\" class=\"yoast-schema-graph\">{\"@context\":\"https:\/\/schema.org\",\"@graph\":[{\"@type\":\"WebPage\",\"@id\":\"https:\/\/cosmetica.butterflyeffect.com.ar\/index.php\/producto\/be-limpiador-de-juguetes-spray\/\",\"url\":\"https:\/\/cosmetica.butterflyeffect.com.ar\/index.php\/producto\/be-limpiador-de-juguetes-spray\/\",\"name\":\"BE | Limpiador de Juguetes - Spray -\",\"isPartOf\":{\"@id\":\"https:\/\/cosmetica.butterflyeffect.com.ar\/#website\"},\"primaryImageOfPage\":{\"@id\":\"https:\/\/cosmetica.butterflyeffect.com.ar\/index.php\/producto\/be-limpiador-de-juguetes-spray\/#primaryimage\"},\"image\":{\"@id\":\"https:\/\/cosmetica.butterflyeffect.com.ar\/index.php\/producto\/be-limpiador-de-juguetes-spray\/#primaryimage\"},\"thumbnailUrl\":\"https:\/\/cosmetica.butterflyeffect.com.ar\/wp-content\/uploads\/2024\/04\/CLEANNER-4.jpg\",\"datePublished\":\"2024-04-18T23:07:09+00:00\",\"dateModified\":\"2026-04-17T20:06:29+00:00\",\"breadcrumb\":{\"@id\":\"https:\/\/cosmetica.butterflyeffect.com.ar\/index.php\/producto\/be-limpiador-de-juguetes-spray\/#breadcrumb\"},\"inLanguage\":\"es\",\"potentialAction\":[{\"@type\":\"ReadAction\",\"target\":[\"https:\/\/cosmetica.butterflyeffect.com.ar\/index.php\/producto\/be-limpiador-de-juguetes-spray\/\"]}]},{\"@type\":\"ImageObject\",\"inLanguage\":\"es\",\"@id\":\"https:\/\/cosmetica.butterflyeffect.com.ar\/index.php\/producto\/be-limpiador-de-juguetes-spray\/#primaryimage\",\"url\":\"https:\/\/cosmetica.butterflyeffect.com.ar\/wp-content\/uploads\/2024\/04\/CLEANNER-4.jpg\",\"contentUrl\":\"https:\/\/cosmetica.butterflyeffect.com.ar\/wp-content\/uploads\/2024\/04\/CLEANNER-4.jpg\",\"width\":1024,\"height\":680},{\"@type\":\"BreadcrumbList\",\"@id\":\"https:\/\/cosmetica.butterflyeffect.com.ar\/index.php\/producto\/be-limpiador-de-juguetes-spray\/#breadcrumb\",\"itemListElement\":[{\"@type\":\"ListItem\",\"position\":1,\"name\":\"Portada\",\"item\":\"https:\/\/cosmetica.butterflyeffect.com.ar\/\"},{\"@type\":\"ListItem\",\"position\":2,\"name\":\"Tienda\",\"item\":\"https:\/\/cosmetica.butterflyeffect.com.ar\/index.php\/tienda\/\"},{\"@type\":\"ListItem\",\"position\":3,\"name\":\"BE | Limpiador de Juguetes &#8211; Spray\"}]},{\"@type\":\"WebSite\",\"@id\":\"https:\/\/cosmetica.butterflyeffect.com.ar\/#website\",\"url\":\"https:\/\/cosmetica.butterflyeffect.com.ar\/\",\"name\":\"Butterfly Effect\",\"description\":\"Premium Sex Tech Toys &amp; Cosmetica Intima\",\"publisher\":{\"@id\":\"https:\/\/cosmetica.butterflyeffect.com.ar\/#organization\"},\"potentialAction\":[{\"@type\":\"SearchAction\",\"target\":{\"@type\":\"EntryPoint\",\"urlTemplate\":\"https:\/\/cosmetica.butterflyeffect.com.ar\/?s={search_term_string}\"},\"query-input\":{\"@type\":\"PropertyValueSpecification\",\"valueRequired\":true,\"valueName\":\"search_term_string\"}}],\"inLanguage\":\"es\"},{\"@type\":\"Organization\",\"@id\":\"https:\/\/cosmetica.butterflyeffect.com.ar\/#organization\",\"name\":\"The Butterfly Effect\",\"url\":\"https:\/\/cosmetica.butterflyeffect.com.ar\/\",\"logo\":{\"@type\":\"ImageObject\",\"inLanguage\":\"es\",\"@id\":\"https:\/\/cosmetica.butterflyeffect.com.ar\/#\/schema\/logo\/image\/\",\"url\":\"https:\/\/cosmetica.butterflyeffect.com.ar\/wp-content\/uploads\/2023\/06\/cropped-LOGO-FINAL-BE-01.jpg\",\"contentUrl\":\"https:\/\/cosmetica.butterflyeffect.com.ar\/wp-content\/uploads\/2023\/06\/cropped-LOGO-FINAL-BE-01.jpg\",\"width\":766,\"height\":877,\"caption\":\"The Butterfly Effect\"},\"image\":{\"@id\":\"https:\/\/cosmetica.butterflyeffect.com.ar\/#\/schema\/logo\/image\/\"},\"sameAs\":[\"https:\/\/www.instagram.com\/butterflyeffect_ar\/\"]}]}<\/script>\n<!-- \/ Yoast SEO plugin. -->","yoast_head_json":{"title":"BE | Limpiador de Juguetes - Spray -","robots":{"index":"index","follow":"follow","max-snippet":"max-snippet:-1","max-image-preview":"max-image-preview:large","max-video-preview":"max-video-preview:-1"},"canonical":"https:\/\/cosmetica.butterflyeffect.com.ar\/index.php\/producto\/be-limpiador-de-juguetes-spray\/","og_locale":"es_ES","og_type":"article","og_title":"BE | Limpiador de Juguetes - Spray -","og_description":"COMPRALO HOY HASTA 6 CUOTAS SIN INTER\u00c9S Y CON DESCUENTO DEL 15% EN EFECTIVO.    Spray de limpieza antibacteriano r\u00e1pido y f\u00e1cil de usar, ha demostrado matar el 99,9% de todas las bacterias, y es lo suficientemente suave como para no causar irritaci\u00f3n.","og_url":"https:\/\/cosmetica.butterflyeffect.com.ar\/index.php\/producto\/be-limpiador-de-juguetes-spray\/","article_modified_time":"2026-04-17T20:06:29+00:00","og_image":[{"width":1024,"height":680,"url":"https:\/\/cosmetica.butterflyeffect.com.ar\/wp-content\/uploads\/2024\/04\/CLEANNER-4.jpg","type":"image\/jpeg"}],"twitter_card":"summary_large_image","twitter_misc":{"Tiempo de lectura":"1 minuto"},"schema":{"@context":"https:\/\/schema.org","@graph":[{"@type":"WebPage","@id":"https:\/\/cosmetica.butterflyeffect.com.ar\/index.php\/producto\/be-limpiador-de-juguetes-spray\/","url":"https:\/\/cosmetica.butterflyeffect.com.ar\/index.php\/producto\/be-limpiador-de-juguetes-spray\/","name":"BE | Limpiador de Juguetes - Spray -","isPartOf":{"@id":"https:\/\/cosmetica.butterflyeffect.com.ar\/#website"},"primaryImageOfPage":{"@id":"https:\/\/cosmetica.butterflyeffect.com.ar\/index.php\/producto\/be-limpiador-de-juguetes-spray\/#primaryimage"},"image":{"@id":"https:\/\/cosmetica.butterflyeffect.com.ar\/index.php\/producto\/be-limpiador-de-juguetes-spray\/#primaryimage"},"thumbnailUrl":"https:\/\/cosmetica.butterflyeffect.com.ar\/wp-content\/uploads\/2024\/04\/CLEANNER-4.jpg","datePublished":"2024-04-18T23:07:09+00:00","dateModified":"2026-04-17T20:06:29+00:00","breadcrumb":{"@id":"https:\/\/cosmetica.butterflyeffect.com.ar\/index.php\/producto\/be-limpiador-de-juguetes-spray\/#breadcrumb"},"inLanguage":"es","potentialAction":[{"@type":"ReadAction","target":["https:\/\/cosmetica.butterflyeffect.com.ar\/index.php\/producto\/be-limpiador-de-juguetes-spray\/"]}]},{"@type":"ImageObject","inLanguage":"es","@id":"https:\/\/cosmetica.butterflyeffect.com.ar\/index.php\/producto\/be-limpiador-de-juguetes-spray\/#primaryimage","url":"https:\/\/cosmetica.butterflyeffect.com.ar\/wp-content\/uploads\/2024\/04\/CLEANNER-4.jpg","contentUrl":"https:\/\/cosmetica.butterflyeffect.com.ar\/wp-content\/uploads\/2024\/04\/CLEANNER-4.jpg","width":1024,"height":680},{"@type":"BreadcrumbList","@id":"https:\/\/cosmetica.butterflyeffect.com.ar\/index.php\/producto\/be-limpiador-de-juguetes-spray\/#breadcrumb","itemListElement":[{"@type":"ListItem","position":1,"name":"Portada","item":"https:\/\/cosmetica.butterflyeffect.com.ar\/"},{"@type":"ListItem","position":2,"name":"Tienda","item":"https:\/\/cosmetica.butterflyeffect.com.ar\/index.php\/tienda\/"},{"@type":"ListItem","position":3,"name":"BE | Limpiador de Juguetes &#8211; Spray"}]},{"@type":"WebSite","@id":"https:\/\/cosmetica.butterflyeffect.com.ar\/#website","url":"https:\/\/cosmetica.butterflyeffect.com.ar\/","name":"Butterfly Effect","description":"Premium Sex Tech Toys &amp; Cosmetica Intima","publisher":{"@id":"https:\/\/cosmetica.butterflyeffect.com.ar\/#organization"},"potentialAction":[{"@type":"SearchAction","target":{"@type":"EntryPoint","urlTemplate":"https:\/\/cosmetica.butterflyeffect.com.ar\/?s={search_term_string}"},"query-input":{"@type":"PropertyValueSpecification","valueRequired":true,"valueName":"search_term_string"}}],"inLanguage":"es"},{"@type":"Organization","@id":"https:\/\/cosmetica.butterflyeffect.com.ar\/#organization","name":"The Butterfly Effect","url":"https:\/\/cosmetica.butterflyeffect.com.ar\/","logo":{"@type":"ImageObject","inLanguage":"es","@id":"https:\/\/cosmetica.butterflyeffect.com.ar\/#\/schema\/logo\/image\/","url":"https:\/\/cosmetica.butterflyeffect.com.ar\/wp-content\/uploads\/2023\/06\/cropped-LOGO-FINAL-BE-01.jpg","contentUrl":"https:\/\/cosmetica.butterflyeffect.com.ar\/wp-content\/uploads\/2023\/06\/cropped-LOGO-FINAL-BE-01.jpg","width":766,"height":877,"caption":"The Butterfly Effect"},"image":{"@id":"https:\/\/cosmetica.butterflyeffect.com.ar\/#\/schema\/logo\/image\/"},"sameAs":["https:\/\/www.instagram.com\/butterflyeffect_ar\/"]}]}},"_links":{"self":[{"href":"https:\/\/cosmetica.butterflyeffect.com.ar\/index.php\/wp-json\/wp\/v2\/product\/813"}],"collection":[{"href":"https:\/\/cosmetica.butterflyeffect.com.ar\/index.php\/wp-json\/wp\/v2\/product"}],"about":[{"href":"https:\/\/cosmetica.butterflyeffect.com.ar\/index.php\/wp-json\/wp\/v2\/types\/product"}],"replies":[{"embeddable":true,"href":"https:\/\/cosmetica.butterflyeffect.com.ar\/index.php\/wp-json\/wp\/v2\/comments?post=813"}],"wp:featuredmedia":[{"embeddable":true,"href":"https:\/\/cosmetica.butterflyeffect.com.ar\/index.php\/wp-json\/wp\/v2\/media\/834"}],"wp:attachment":[{"href":"https:\/\/cosmetica.butterflyeffect.com.ar\/index.php\/wp-json\/wp\/v2\/media?parent=813"}],"wp:term":[{"taxonomy":"product_cat","embeddable":true,"href":"https:\/\/cosmetica.butterflyeffect.com.ar\/index.php\/wp-json\/wp\/v2\/product_cat?post=813"},{"taxonomy":"product_tag","embeddable":true,"href":"https:\/\/cosmetica.butterflyeffect.com.ar\/index.php\/wp-json\/wp\/v2\/product_tag?post=813"}],"curies":[{"name":"wp","href":"https:\/\/api.w.org\/{rel}","templated":true}]}}