{"id":817,"date":"2024-04-18T23:09:24","date_gmt":"2024-04-18T23:09:24","guid":{"rendered":"https:\/\/cosmetica.butterflyeffect.com.ar\/?post_type=product&#038;p=817"},"modified":"2026-04-12T06:14:49","modified_gmt":"2026-04-12T06:14:49","slug":"be-body-splash-love-coconut-x-300ml","status":"publish","type":"product","link":"https:\/\/cosmetica.butterflyeffect.com.ar\/index.php\/producto\/be-body-splash-love-coconut-x-300ml\/","title":{"rendered":"BE | Body Splash &#8211; Love Coconut X 300ml &#8211; Feromonas"},"content":{"rendered":"<h3 id=\"ui-accordion-1-header-1\" class=\"field-group-format-toggler accordion-item ui-accordion-header ui-helper-reset ui-state-default ui-accordion-icons ui-accordion-header-active ui-state-active ui-corner-top\" role=\"tab\">Caracter\u00edsticas<\/h3>\n<div id=\"ui-accordion-1-panel-1\" class=\"field-group-format-wrapper group-spec-specifications field-group-accordion-item ui-accordion-content ui-helper-reset ui-widget-content ui-corner-bottom ui-accordion-content-active\" role=\"tabpanel\" aria-labelledby=\"ui-accordion-1-header-1\" aria-hidden=\"false\">\n<div class=\"field field-name-field-specification-text field-type-text-long field-label-hidden\">\n<div class=\"field-items\">\n<div class=\"field-item even\">\n<ul>\n<li>Marca: BE BUTTERFLY EFFECT<\/li>\n<li>Linea: Afrodisiac<\/li>\n<li>G\u00e9nero: Mujer<\/li>\n<li>Volumen de la unidad: 300ml.<\/li>\n<li>Formato del perfume: Spray<\/li>\n<li>OTRAS CARACTER\u00cdSTICAS: AFRODIS\u00cdACO CON FEROMONAS y SHIMMER<\/li>\n<\/ul>\n<p>&nbsp;<\/p>\n<\/div>\n<\/div>\n<\/div>\n<\/div>\n","protected":false},"excerpt":{"rendered":"<p><strong>COMPRALO HOY HASTA 6 CUOTAS SIN INTER\u00c9S Y CON DESCUENTO DEL 15% EN EFECTIVO.<\/strong><\/p>\n<p><img decoding=\"async\" class=\"aligncenter\" src=\"https:\/\/lelodistribucion.com.ar\/wp-content\/uploads\/2021\/03\/Medios-de-Pago-300x100.jpg\" \/><\/p>\n<p>Fragancia de la familia olfativa Floral Frutal Gourmand. Contiene vainilla, lirio de los valles (muguete), coco, manzanilla y s\u00e1bila. Con este body splash podr\u00e1s refrescar e hidratar tu piel en cualquier momento del d\u00eda con un aroma suave, fresco y ligero. La fragancia ofrece la frescura perfecta para \u00e9pocas de calor.<\/p>\n","protected":false},"featured_media":839,"comment_status":"open","ping_status":"closed","template":"","meta":[],"product_cat":[69,17],"product_tag":[],"class_list":{"0":"post-817","1":"product","2":"type-product","3":"status-publish","4":"has-post-thumbnail","6":"product_cat-body-splash-ellas","7":"product_cat-fragancias-para-ella","9":"entry","10":"has-media","12":"first","13":"instock","14":"shipping-taxable","15":"purchasable","16":"product-type-simple","17":"has-product-nav","18":"col","19":"span_1_of_4","20":"owp-content-center","21":"owp-thumbs-layout-horizontal","22":"owp-btn-normal","23":"owp-tabs-layout-horizontal"},"yoast_head":"<!-- This site is optimized with the Yoast SEO plugin v23.6 - https:\/\/yoast.com\/wordpress\/plugins\/seo\/ -->\n<title>BE | Body Splash - Love Coconut X 300ml - Feromonas -<\/title>\n<meta name=\"robots\" content=\"index, follow, max-snippet:-1, max-image-preview:large, max-video-preview:-1\" \/>\n<link rel=\"canonical\" href=\"https:\/\/cosmetica.butterflyeffect.com.ar\/index.php\/producto\/be-body-splash-love-coconut-x-300ml\/\" \/>\n<meta property=\"og:locale\" content=\"es_ES\" \/>\n<meta property=\"og:type\" content=\"article\" \/>\n<meta property=\"og:title\" content=\"BE | Body Splash - Love Coconut X 300ml - Feromonas -\" \/>\n<meta property=\"og:description\" content=\"COMPRALO HOY HASTA 6 CUOTAS SIN INTER\u00c9S Y CON DESCUENTO DEL 15% EN EFECTIVO.    Fragancia de la familia olfativa Floral Frutal Gourmand. Contiene vainilla, lirio de los valles (muguete), coco, manzanilla y s\u00e1bila. Con este body splash podr\u00e1s refrescar e hidratar tu piel en cualquier momento del d\u00eda con un aroma suave, fresco y ligero. La fragancia ofrece la frescura perfecta para \u00e9pocas de calor.\" \/>\n<meta property=\"og:url\" content=\"https:\/\/cosmetica.butterflyeffect.com.ar\/index.php\/producto\/be-body-splash-love-coconut-x-300ml\/\" \/>\n<meta property=\"article:modified_time\" content=\"2026-04-12T06:14:49+00:00\" \/>\n<meta property=\"og:image\" content=\"https:\/\/cosmetica.butterflyeffect.com.ar\/wp-content\/uploads\/2024\/04\/SPLASH-3.jpg\" \/>\n\t<meta property=\"og:image:width\" content=\"1024\" \/>\n\t<meta property=\"og:image:height\" content=\"680\" \/>\n\t<meta property=\"og:image:type\" content=\"image\/jpeg\" \/>\n<meta name=\"twitter:card\" content=\"summary_large_image\" \/>\n<meta name=\"twitter:label1\" content=\"Tiempo de lectura\" \/>\n\t<meta name=\"twitter:data1\" content=\"1 minuto\" \/>\n<script type=\"application\/ld+json\" class=\"yoast-schema-graph\">{\"@context\":\"https:\/\/schema.org\",\"@graph\":[{\"@type\":\"WebPage\",\"@id\":\"https:\/\/cosmetica.butterflyeffect.com.ar\/index.php\/producto\/be-body-splash-love-coconut-x-300ml\/\",\"url\":\"https:\/\/cosmetica.butterflyeffect.com.ar\/index.php\/producto\/be-body-splash-love-coconut-x-300ml\/\",\"name\":\"BE | Body Splash - Love Coconut X 300ml - Feromonas -\",\"isPartOf\":{\"@id\":\"https:\/\/cosmetica.butterflyeffect.com.ar\/#website\"},\"primaryImageOfPage\":{\"@id\":\"https:\/\/cosmetica.butterflyeffect.com.ar\/index.php\/producto\/be-body-splash-love-coconut-x-300ml\/#primaryimage\"},\"image\":{\"@id\":\"https:\/\/cosmetica.butterflyeffect.com.ar\/index.php\/producto\/be-body-splash-love-coconut-x-300ml\/#primaryimage\"},\"thumbnailUrl\":\"https:\/\/cosmetica.butterflyeffect.com.ar\/wp-content\/uploads\/2024\/04\/SPLASH-3.jpg\",\"datePublished\":\"2024-04-18T23:09:24+00:00\",\"dateModified\":\"2026-04-12T06:14:49+00:00\",\"breadcrumb\":{\"@id\":\"https:\/\/cosmetica.butterflyeffect.com.ar\/index.php\/producto\/be-body-splash-love-coconut-x-300ml\/#breadcrumb\"},\"inLanguage\":\"es\",\"potentialAction\":[{\"@type\":\"ReadAction\",\"target\":[\"https:\/\/cosmetica.butterflyeffect.com.ar\/index.php\/producto\/be-body-splash-love-coconut-x-300ml\/\"]}]},{\"@type\":\"ImageObject\",\"inLanguage\":\"es\",\"@id\":\"https:\/\/cosmetica.butterflyeffect.com.ar\/index.php\/producto\/be-body-splash-love-coconut-x-300ml\/#primaryimage\",\"url\":\"https:\/\/cosmetica.butterflyeffect.com.ar\/wp-content\/uploads\/2024\/04\/SPLASH-3.jpg\",\"contentUrl\":\"https:\/\/cosmetica.butterflyeffect.com.ar\/wp-content\/uploads\/2024\/04\/SPLASH-3.jpg\",\"width\":1024,\"height\":680},{\"@type\":\"BreadcrumbList\",\"@id\":\"https:\/\/cosmetica.butterflyeffect.com.ar\/index.php\/producto\/be-body-splash-love-coconut-x-300ml\/#breadcrumb\",\"itemListElement\":[{\"@type\":\"ListItem\",\"position\":1,\"name\":\"Portada\",\"item\":\"https:\/\/cosmetica.butterflyeffect.com.ar\/\"},{\"@type\":\"ListItem\",\"position\":2,\"name\":\"Tienda\",\"item\":\"https:\/\/cosmetica.butterflyeffect.com.ar\/index.php\/tienda\/\"},{\"@type\":\"ListItem\",\"position\":3,\"name\":\"BE | Body Splash &#8211; Love Coconut X 300ml &#8211; Feromonas\"}]},{\"@type\":\"WebSite\",\"@id\":\"https:\/\/cosmetica.butterflyeffect.com.ar\/#website\",\"url\":\"https:\/\/cosmetica.butterflyeffect.com.ar\/\",\"name\":\"Butterfly Effect\",\"description\":\"Premium Sex Tech Toys &amp; Cosmetica Intima\",\"publisher\":{\"@id\":\"https:\/\/cosmetica.butterflyeffect.com.ar\/#organization\"},\"potentialAction\":[{\"@type\":\"SearchAction\",\"target\":{\"@type\":\"EntryPoint\",\"urlTemplate\":\"https:\/\/cosmetica.butterflyeffect.com.ar\/?s={search_term_string}\"},\"query-input\":{\"@type\":\"PropertyValueSpecification\",\"valueRequired\":true,\"valueName\":\"search_term_string\"}}],\"inLanguage\":\"es\"},{\"@type\":\"Organization\",\"@id\":\"https:\/\/cosmetica.butterflyeffect.com.ar\/#organization\",\"name\":\"The Butterfly Effect\",\"url\":\"https:\/\/cosmetica.butterflyeffect.com.ar\/\",\"logo\":{\"@type\":\"ImageObject\",\"inLanguage\":\"es\",\"@id\":\"https:\/\/cosmetica.butterflyeffect.com.ar\/#\/schema\/logo\/image\/\",\"url\":\"https:\/\/cosmetica.butterflyeffect.com.ar\/wp-content\/uploads\/2023\/06\/cropped-LOGO-FINAL-BE-01.jpg\",\"contentUrl\":\"https:\/\/cosmetica.butterflyeffect.com.ar\/wp-content\/uploads\/2023\/06\/cropped-LOGO-FINAL-BE-01.jpg\",\"width\":766,\"height\":877,\"caption\":\"The Butterfly Effect\"},\"image\":{\"@id\":\"https:\/\/cosmetica.butterflyeffect.com.ar\/#\/schema\/logo\/image\/\"},\"sameAs\":[\"https:\/\/www.instagram.com\/butterflyeffect_ar\/\"]}]}<\/script>\n<!-- \/ Yoast SEO plugin. -->","yoast_head_json":{"title":"BE | Body Splash - Love Coconut X 300ml - Feromonas -","robots":{"index":"index","follow":"follow","max-snippet":"max-snippet:-1","max-image-preview":"max-image-preview:large","max-video-preview":"max-video-preview:-1"},"canonical":"https:\/\/cosmetica.butterflyeffect.com.ar\/index.php\/producto\/be-body-splash-love-coconut-x-300ml\/","og_locale":"es_ES","og_type":"article","og_title":"BE | Body Splash - Love Coconut X 300ml - Feromonas -","og_description":"COMPRALO HOY HASTA 6 CUOTAS SIN INTER\u00c9S Y CON DESCUENTO DEL 15% EN EFECTIVO.    Fragancia de la familia olfativa Floral Frutal Gourmand. Contiene vainilla, lirio de los valles (muguete), coco, manzanilla y s\u00e1bila. Con este body splash podr\u00e1s refrescar e hidratar tu piel en cualquier momento del d\u00eda con un aroma suave, fresco y ligero. La fragancia ofrece la frescura perfecta para \u00e9pocas de calor.","og_url":"https:\/\/cosmetica.butterflyeffect.com.ar\/index.php\/producto\/be-body-splash-love-coconut-x-300ml\/","article_modified_time":"2026-04-12T06:14:49+00:00","og_image":[{"width":1024,"height":680,"url":"https:\/\/cosmetica.butterflyeffect.com.ar\/wp-content\/uploads\/2024\/04\/SPLASH-3.jpg","type":"image\/jpeg"}],"twitter_card":"summary_large_image","twitter_misc":{"Tiempo de lectura":"1 minuto"},"schema":{"@context":"https:\/\/schema.org","@graph":[{"@type":"WebPage","@id":"https:\/\/cosmetica.butterflyeffect.com.ar\/index.php\/producto\/be-body-splash-love-coconut-x-300ml\/","url":"https:\/\/cosmetica.butterflyeffect.com.ar\/index.php\/producto\/be-body-splash-love-coconut-x-300ml\/","name":"BE | Body Splash - Love Coconut X 300ml - Feromonas -","isPartOf":{"@id":"https:\/\/cosmetica.butterflyeffect.com.ar\/#website"},"primaryImageOfPage":{"@id":"https:\/\/cosmetica.butterflyeffect.com.ar\/index.php\/producto\/be-body-splash-love-coconut-x-300ml\/#primaryimage"},"image":{"@id":"https:\/\/cosmetica.butterflyeffect.com.ar\/index.php\/producto\/be-body-splash-love-coconut-x-300ml\/#primaryimage"},"thumbnailUrl":"https:\/\/cosmetica.butterflyeffect.com.ar\/wp-content\/uploads\/2024\/04\/SPLASH-3.jpg","datePublished":"2024-04-18T23:09:24+00:00","dateModified":"2026-04-12T06:14:49+00:00","breadcrumb":{"@id":"https:\/\/cosmetica.butterflyeffect.com.ar\/index.php\/producto\/be-body-splash-love-coconut-x-300ml\/#breadcrumb"},"inLanguage":"es","potentialAction":[{"@type":"ReadAction","target":["https:\/\/cosmetica.butterflyeffect.com.ar\/index.php\/producto\/be-body-splash-love-coconut-x-300ml\/"]}]},{"@type":"ImageObject","inLanguage":"es","@id":"https:\/\/cosmetica.butterflyeffect.com.ar\/index.php\/producto\/be-body-splash-love-coconut-x-300ml\/#primaryimage","url":"https:\/\/cosmetica.butterflyeffect.com.ar\/wp-content\/uploads\/2024\/04\/SPLASH-3.jpg","contentUrl":"https:\/\/cosmetica.butterflyeffect.com.ar\/wp-content\/uploads\/2024\/04\/SPLASH-3.jpg","width":1024,"height":680},{"@type":"BreadcrumbList","@id":"https:\/\/cosmetica.butterflyeffect.com.ar\/index.php\/producto\/be-body-splash-love-coconut-x-300ml\/#breadcrumb","itemListElement":[{"@type":"ListItem","position":1,"name":"Portada","item":"https:\/\/cosmetica.butterflyeffect.com.ar\/"},{"@type":"ListItem","position":2,"name":"Tienda","item":"https:\/\/cosmetica.butterflyeffect.com.ar\/index.php\/tienda\/"},{"@type":"ListItem","position":3,"name":"BE | Body Splash &#8211; Love Coconut X 300ml &#8211; Feromonas"}]},{"@type":"WebSite","@id":"https:\/\/cosmetica.butterflyeffect.com.ar\/#website","url":"https:\/\/cosmetica.butterflyeffect.com.ar\/","name":"Butterfly Effect","description":"Premium Sex Tech Toys &amp; Cosmetica Intima","publisher":{"@id":"https:\/\/cosmetica.butterflyeffect.com.ar\/#organization"},"potentialAction":[{"@type":"SearchAction","target":{"@type":"EntryPoint","urlTemplate":"https:\/\/cosmetica.butterflyeffect.com.ar\/?s={search_term_string}"},"query-input":{"@type":"PropertyValueSpecification","valueRequired":true,"valueName":"search_term_string"}}],"inLanguage":"es"},{"@type":"Organization","@id":"https:\/\/cosmetica.butterflyeffect.com.ar\/#organization","name":"The Butterfly Effect","url":"https:\/\/cosmetica.butterflyeffect.com.ar\/","logo":{"@type":"ImageObject","inLanguage":"es","@id":"https:\/\/cosmetica.butterflyeffect.com.ar\/#\/schema\/logo\/image\/","url":"https:\/\/cosmetica.butterflyeffect.com.ar\/wp-content\/uploads\/2023\/06\/cropped-LOGO-FINAL-BE-01.jpg","contentUrl":"https:\/\/cosmetica.butterflyeffect.com.ar\/wp-content\/uploads\/2023\/06\/cropped-LOGO-FINAL-BE-01.jpg","width":766,"height":877,"caption":"The Butterfly Effect"},"image":{"@id":"https:\/\/cosmetica.butterflyeffect.com.ar\/#\/schema\/logo\/image\/"},"sameAs":["https:\/\/www.instagram.com\/butterflyeffect_ar\/"]}]}},"_links":{"self":[{"href":"https:\/\/cosmetica.butterflyeffect.com.ar\/index.php\/wp-json\/wp\/v2\/product\/817"}],"collection":[{"href":"https:\/\/cosmetica.butterflyeffect.com.ar\/index.php\/wp-json\/wp\/v2\/product"}],"about":[{"href":"https:\/\/cosmetica.butterflyeffect.com.ar\/index.php\/wp-json\/wp\/v2\/types\/product"}],"replies":[{"embeddable":true,"href":"https:\/\/cosmetica.butterflyeffect.com.ar\/index.php\/wp-json\/wp\/v2\/comments?post=817"}],"wp:featuredmedia":[{"embeddable":true,"href":"https:\/\/cosmetica.butterflyeffect.com.ar\/index.php\/wp-json\/wp\/v2\/media\/839"}],"wp:attachment":[{"href":"https:\/\/cosmetica.butterflyeffect.com.ar\/index.php\/wp-json\/wp\/v2\/media?parent=817"}],"wp:term":[{"taxonomy":"product_cat","embeddable":true,"href":"https:\/\/cosmetica.butterflyeffect.com.ar\/index.php\/wp-json\/wp\/v2\/product_cat?post=817"},{"taxonomy":"product_tag","embeddable":true,"href":"https:\/\/cosmetica.butterflyeffect.com.ar\/index.php\/wp-json\/wp\/v2\/product_tag?post=817"}],"curies":[{"name":"wp","href":"https:\/\/api.w.org\/{rel}","templated":true}]}}